{"id":71,"date":"2021-02-19T12:11:54","date_gmt":"2021-02-19T11:11:54","guid":{"rendered":"http:\/\/hazkivitelezes.com\/?page_id=71"},"modified":"2022-11-29T22:16:28","modified_gmt":"2022-11-29T21:16:28","slug":"muszaki-ellenorzes","status":"publish","type":"page","link":"http:\/\/hazkivitelezes.com\/index.php\/muszaki-ellenorzes\/","title":{"rendered":"M\u0171szaki ellen\u0151rz\u00e9s"},"content":{"rendered":"\n<div class=\"wp-block-group has-primary-color has-background-background-color has-text-color has-background\"><div class=\"wp-block-group__inner-container is-layout-constrained wp-block-group-is-layout-constrained\">\n<p>Magas \u00e9s m\u00e9ly\u00e9p\u00edt\u00e9si beruh\u00e1z\u00e1sok m\u0171szaki ellen\u0151rz\u00e9s\u00e9t v\u00e1llaljuk:<\/p>\n\n\n\n<ul class=\"wp-block-list\">\n<li>Csal\u00e1di h\u00e1zak, t\u00e1rsash\u00e1zak<\/li>\n\n\n\n<li>Ipari beruh\u00e1z\u00e1sok <\/li>\n<\/ul>\n<\/div><\/div>\n","protected":false},"excerpt":{"rendered":"<p>Magas \u00e9s m\u00e9ly\u00e9p\u00edt\u00e9si beruh\u00e1z\u00e1sok m\u0171szaki ellen\u0151rz\u00e9s\u00e9t v\u00e1llaljuk:<\/p>\n","protected":false},"author":1,"featured_media":0,"parent":0,"menu_order":0,"comment_status":"closed","ping_status":"closed","template":"","meta":{"footnotes":""},"class_list":["post-71","page","type-page","status-publish","hentry"],"_links":{"self":[{"href":"http:\/\/hazkivitelezes.com\/index.php\/wp-json\/wp\/v2\/pages\/71","targetHints":{"allow":["GET"]}}],"collection":[{"href":"http:\/\/hazkivitelezes.com\/index.php\/wp-json\/wp\/v2\/pages"}],"about":[{"href":"http:\/\/hazkivitelezes.com\/index.php\/wp-json\/wp\/v2\/types\/page"}],"author":[{"embeddable":true,"href":"http:\/\/hazkivitelezes.com\/index.php\/wp-json\/wp\/v2\/users\/1"}],"replies":[{"embeddable":true,"href":"http:\/\/hazkivitelezes.com\/index.php\/wp-json\/wp\/v2\/comments?post=71"}],"version-history":[{"count":2,"href":"http:\/\/hazkivitelezes.com\/index.php\/wp-json\/wp\/v2\/pages\/71\/revisions"}],"predecessor-version":[{"id":103,"href":"http:\/\/hazkivitelezes.com\/index.php\/wp-json\/wp\/v2\/pages\/71\/revisions\/103"}],"wp:attachment":[{"href":"http:\/\/hazkivitelezes.com\/index.php\/wp-json\/wp\/v2\/media?parent=71"}],"curies":[{"name":"wp","href":"https:\/\/api.w.org\/{rel}","templated":true}]}}